{"id":8193,"date":"2023-04-12T07:57:31","date_gmt":"2023-04-12T07:57:31","guid":{"rendered":"https:\/\/favdevs.com\/demos\/wp\/techza\/?page_id=8193"},"modified":"2024-01-30T23:36:08","modified_gmt":"2024-01-30T23:36:08","slug":"our-portfolio","status":"publish","type":"page","link":"https:\/\/www.wanana.pl\/index.php\/our-portfolio\/","title":{"rendered":"Portfolio"},"content":{"rendered":"\t\t<div data-elementor-type=\"wp-page\" data-elementor-id=\"8193\" class=\"elementor elementor-8193\">\n\t\t\t\t\t\t<section class=\"elementor-section elementor-top-section elementor-element elementor-element-00ae504 elementor-section-full_width elementor-section-height-default elementor-section-height-default mas-addons-sticky-no\" data-id=\"00ae504\" data-element_type=\"section\" data-settings=\"{&quot;background_background&quot;:&quot;classic&quot;,&quot;mas_addons_sticky&quot;:&quot;no&quot;}\">\n\t\t\t\t\t\t\t<div class=\"elementor-background-overlay\"><\/div>\n\t\t\t\t\t\t\t<div class=\"elementor-container elementor-column-gap-no\">\n\t\t\t\t\t<div class=\"elementor-column elementor-col-100 elementor-top-column elementor-element elementor-element-ec8a274\" data-id=\"ec8a274\" data-element_type=\"column\">\n\t\t\t<div class=\"elementor-widget-wrap elementor-element-populated\">\n\t\t\t\t\t\t<section class=\"elementor-section elementor-inner-section elementor-element elementor-element-1034a3f elementor-section-boxed elementor-section-height-default elementor-section-height-default mas-addons-sticky-no\" data-id=\"1034a3f\" data-element_type=\"section\" data-settings=\"{&quot;mas_addons_sticky&quot;:&quot;no&quot;}\">\n\t\t\t\t\t\t<div class=\"elementor-container elementor-column-gap-no\">\n\t\t\t\t\t<div class=\"elementor-column elementor-col-100 elementor-inner-column elementor-element elementor-element-40b5817\" data-id=\"40b5817\" data-element_type=\"column\">\n\t\t\t<div class=\"elementor-widget-wrap elementor-element-populated\">\n\t\t\t\t\t\t<div class=\"elementor-element elementor-element-9f7d579 mas-addons-sticky-no elementor-widget elementor-widget-mas-addons-heading\" data-id=\"9f7d579\" data-element_type=\"widget\" data-settings=\"{&quot;mas_addons_sticky&quot;:&quot;no&quot;}\" data-widget_type=\"mas-addons-heading.default\">\n\t\t\t\t<div class=\"elementor-widget-container\">\n\t\t\t<h2 class=\"mas-addons-heading-title show-line-no\">Portfolio<\/h2>\t\t<\/div>\n\t\t\t\t<\/div>\n\t\t\t\t<div class=\"elementor-element elementor-element-d2b77c1 mas-addons-sticky-no elementor-widget elementor-widget-mas-addons-breadcrumb\" data-id=\"d2b77c1\" data-element_type=\"widget\" data-settings=\"{&quot;mas_addons_sticky&quot;:&quot;no&quot;}\" data-widget_type=\"mas-addons-breadcrumb.default\">\n\t\t\t\t<div class=\"elementor-widget-container\">\n\t\t\t<ul class=\"mas-addons-breadcrumbs\"><li class=\"mas-addons-breadcrumbs-item mas-addons-breadcrumbs-start\"><a href=\"https:\/\/www.wanana.pl\/\" rel=\"home\"><span class=\"mas-addons-breadcrumbs-text\">Home<\/span><\/a><\/li><\/ul>\t\t<\/div>\n\t\t\t\t<\/div>\n\t\t\t\t\t<\/div>\n\t\t<\/div>\n\t\t\t\t\t<\/div>\n\t\t<\/section>\n\t\t\t\t\t<\/div>\n\t\t<\/div>\n\t\t\t\t\t<\/div>\n\t\t<\/section>\n\t\t\t\t<section class=\"elementor-section elementor-top-section elementor-element elementor-element-d74ca39 elementor-section-full_width elementor-section-height-default elementor-section-height-default mas-addons-sticky-no\" data-id=\"d74ca39\" data-element_type=\"section\" data-settings=\"{&quot;mas_addons_sticky&quot;:&quot;no&quot;}\">\n\t\t\t\t\t\t<div class=\"elementor-container elementor-column-gap-no\">\n\t\t\t\t\t<div class=\"elementor-column elementor-col-100 elementor-top-column elementor-element elementor-element-dabb6c5\" data-id=\"dabb6c5\" data-element_type=\"column\">\n\t\t\t<div class=\"elementor-widget-wrap elementor-element-populated\">\n\t\t\t\t\t\t<section class=\"elementor-section elementor-inner-section elementor-element elementor-element-cac54b8 elementor-section-boxed elementor-section-height-default elementor-section-height-default mas-addons-sticky-no\" data-id=\"cac54b8\" data-element_type=\"section\" data-settings=\"{&quot;mas_addons_sticky&quot;:&quot;no&quot;}\">\n\t\t\t\t\t\t<div class=\"elementor-container elementor-column-gap-no\">\n\t\t\t\t\t<div class=\"elementor-column elementor-col-100 elementor-inner-column elementor-element elementor-element-bb6f6d5\" data-id=\"bb6f6d5\" data-element_type=\"column\">\n\t\t\t<div class=\"elementor-widget-wrap elementor-element-populated\">\n\t\t\t\t\t\t<div class=\"elementor-element elementor-element-c2f33b6 mas-addons-sticky-no elementor-widget elementor-widget-heading\" data-id=\"c2f33b6\" data-element_type=\"widget\" data-settings=\"{&quot;mas_addons_sticky&quot;:&quot;no&quot;}\" data-widget_type=\"heading.default\">\n\t\t\t\t<div class=\"elementor-widget-container\">\n\t\t\t<style>\/*! elementor - v3.23.0 - 05-08-2024 *\/\n.elementor-heading-title{padding:0;margin:0;line-height:1}.elementor-widget-heading .elementor-heading-title[class*=elementor-size-]>a{color:inherit;font-size:inherit;line-height:inherit}.elementor-widget-heading .elementor-heading-title.elementor-size-small{font-size:15px}.elementor-widget-heading .elementor-heading-title.elementor-size-medium{font-size:19px}.elementor-widget-heading .elementor-heading-title.elementor-size-large{font-size:29px}.elementor-widget-heading .elementor-heading-title.elementor-size-xl{font-size:39px}.elementor-widget-heading .elementor-heading-title.elementor-size-xxl{font-size:59px}<\/style><h2 class=\"elementor-heading-title elementor-size-default\">Nasze projekty<\/h2>\t\t<\/div>\n\t\t\t\t<\/div>\n\t\t\t\t<div class=\"elementor-element elementor-element-8e8259e mas-addons-sticky-no elementor-widget elementor-widget-heading\" data-id=\"8e8259e\" data-element_type=\"widget\" data-settings=\"{&quot;mas_addons_sticky&quot;:&quot;no&quot;}\" data-widget_type=\"heading.default\">\n\t\t\t\t<div class=\"elementor-widget-container\">\n\t\t\t<h2 class=\"elementor-heading-title elementor-size-default\">Setki rozwi\u0105za\u0144 i wdro\u017ce\u0144<\/h2>\t\t<\/div>\n\t\t\t\t<\/div>\n\t\t\t\t\t<\/div>\n\t\t<\/div>\n\t\t\t\t\t<\/div>\n\t\t<\/section>\n\t\t\t\t<section class=\"elementor-section elementor-inner-section elementor-element elementor-element-d848bd2 elementor-section-boxed elementor-section-height-default elementor-section-height-default mas-addons-sticky-no\" data-id=\"d848bd2\" data-element_type=\"section\" data-settings=\"{&quot;mas_addons_sticky&quot;:&quot;no&quot;}\">\n\t\t\t\t\t\t<div class=\"elementor-container elementor-column-gap-no\">\n\t\t\t\t\t<div class=\"elementor-column elementor-col-100 elementor-inner-column elementor-element elementor-element-58dacda\" data-id=\"58dacda\" data-element_type=\"column\">\n\t\t\t<div class=\"elementor-widget-wrap elementor-element-populated\">\n\t\t\t\t\t\t<div class=\"elementor-element elementor-element-c682d5d mas-addons-sticky-no elementor-widget elementor-widget-techza-portfolio\" data-id=\"c682d5d\" data-element_type=\"widget\" data-settings=\"{&quot;mas_addons_sticky&quot;:&quot;no&quot;}\" data-widget_type=\"techza-portfolio.default\">\n\t\t\t\t<div class=\"elementor-widget-container\">\n\t\t\t            <div class=\"row techza-portfolio-wrap layout-mode-masonry no enable-filter-\">\n                    \n\n    <div id=\"post-3040\" class=\"techza-portfolio-item-wrap col-md-6 digital-transformation  height-normal\">\n        <a href=\"https:\/\/www.wanana.pl\/index.php\/portfolio\/megaurwis-pl\/\" class=\"techza-portfolio-item style-two \">\n            <div class=\"techza-portfolio-image d-block elementor-animation-\">\n                <img fetchpriority=\"high\" decoding=\"async\" width=\"832\" height=\"600\" src=\"https:\/\/www.wanana.pl\/wp-content\/uploads\/2023\/04\/megaurwis.jpg\" class=\"attachment-post-thumbnail size-post-thumbnail wp-post-image\" alt=\"\" srcset=\"https:\/\/www.wanana.pl\/wp-content\/uploads\/2023\/04\/megaurwis.jpg 832w, https:\/\/www.wanana.pl\/wp-content\/uploads\/2023\/04\/megaurwis-300x216.jpg 300w, https:\/\/www.wanana.pl\/wp-content\/uploads\/2023\/04\/megaurwis-768x554.jpg 768w, https:\/\/www.wanana.pl\/wp-content\/uploads\/2023\/04\/megaurwis-492x355.jpg 492w\" sizes=\"(max-width: 832px) 100vw, 832px\" \/>                <div class=\"techza-portfolio-content content-postion-on-image\">\n                                            <div class=\"techza-portfolio-title\">\n                            <h3>\n                                Megaurwis.pl                            <\/h3>\n                        <\/div>\n                                        <span class=\"techza-pf-category\">Digital Transformation<\/span>                <\/div>\n                   \n                    <div class=\"portfolio-content-bottom\">\n                        <div class=\"portfolio-btn-wrap\">\n                            <button type=\"button\" class=\"portfolio-btn elementor-animation-\">\n                                                                                                                                <span\n                                    class=\"icon-after btn-icon\"><svg xmlns=\"http:\/\/www.w3.org\/2000\/svg\" width=\"40\" height=\"40\" viewBox=\"0 0 40 40\" fill=\"none\"><rect width=\"40\" height=\"40\" rx=\"20\" fill=\"white\"><\/rect><path d=\"M20.2296 16.3722V20.2293M20.2296 20.2293V24.0865M20.2296 20.2293H24.0868M20.2296 20.2293H16.3725M31.8011 20.2293C31.8011 26.62 26.6204 31.8008 20.2296 31.8008C13.8389 31.8008 8.6582 26.62 8.6582 20.2293C8.6582 13.8386 13.8389 8.6579 20.2296 8.6579C26.6204 8.6579 31.8011 13.8386 31.8011 20.2293Z\" stroke=\"#002699\" stroke-width=\"2\" stroke-linecap=\"round\" stroke-linejoin=\"round\"><\/path><\/svg><\/span>\n                                                            <\/button>\n                        <\/div>\n                    <\/div>\n                            <\/div>\n       <\/a>\n\n    <\/div>\n\n<!-- #post-3040 -->\n    \n\n    <div id=\"post-8205\" class=\"techza-portfolio-item-wrap col-md-6 web-development  height-normal\">\n        <a href=\"https:\/\/www.wanana.pl\/index.php\/portfolio\/baby-monsters\/\" class=\"techza-portfolio-item style-two \">\n            <div class=\"techza-portfolio-image d-block elementor-animation-\">\n                <img decoding=\"async\" width=\"832\" height=\"600\" src=\"https:\/\/www.wanana.pl\/wp-content\/uploads\/2023\/04\/babymonsters.jpg\" class=\"attachment-post-thumbnail size-post-thumbnail wp-post-image\" alt=\"\" srcset=\"https:\/\/www.wanana.pl\/wp-content\/uploads\/2023\/04\/babymonsters.jpg 832w, https:\/\/www.wanana.pl\/wp-content\/uploads\/2023\/04\/babymonsters-300x216.jpg 300w, https:\/\/www.wanana.pl\/wp-content\/uploads\/2023\/04\/babymonsters-768x554.jpg 768w, https:\/\/www.wanana.pl\/wp-content\/uploads\/2023\/04\/babymonsters-492x355.jpg 492w\" sizes=\"(max-width: 832px) 100vw, 832px\" \/>                <div class=\"techza-portfolio-content content-postion-on-image\">\n                                            <div class=\"techza-portfolio-title\">\n                            <h3>\n                                Baby Monsters                            <\/h3>\n                        <\/div>\n                                        <span class=\"techza-pf-category\">Web Development<\/span>                <\/div>\n                   \n                    <div class=\"portfolio-content-bottom\">\n                        <div class=\"portfolio-btn-wrap\">\n                            <button type=\"button\" class=\"portfolio-btn elementor-animation-\">\n                                                                                                                                <span\n                                    class=\"icon-after btn-icon\"><svg xmlns=\"http:\/\/www.w3.org\/2000\/svg\" width=\"40\" height=\"40\" viewBox=\"0 0 40 40\" fill=\"none\"><rect width=\"40\" height=\"40\" rx=\"20\" fill=\"white\"><\/rect><path d=\"M20.2296 16.3722V20.2293M20.2296 20.2293V24.0865M20.2296 20.2293H24.0868M20.2296 20.2293H16.3725M31.8011 20.2293C31.8011 26.62 26.6204 31.8008 20.2296 31.8008C13.8389 31.8008 8.6582 26.62 8.6582 20.2293C8.6582 13.8386 13.8389 8.6579 20.2296 8.6579C26.6204 8.6579 31.8011 13.8386 31.8011 20.2293Z\" stroke=\"#002699\" stroke-width=\"2\" stroke-linecap=\"round\" stroke-linejoin=\"round\"><\/path><\/svg><\/span>\n                                                            <\/button>\n                        <\/div>\n                    <\/div>\n                            <\/div>\n       <\/a>\n\n    <\/div>\n\n<!-- #post-8205 -->\n            <\/div>\n\n            \n\n                    \t\t<\/div>\n\t\t\t\t<\/div>\n\t\t\t\t\t<\/div>\n\t\t<\/div>\n\t\t\t\t\t<\/div>\n\t\t<\/section>\n\t\t\t\t\t<\/div>\n\t\t<\/div>\n\t\t\t\t\t<\/div>\n\t\t<\/section>\n\t\t\t\t<section class=\"elementor-section elementor-top-section elementor-element elementor-element-ab9d55f elementor-section-full_width elementor-section-height-default elementor-section-height-default mas-addons-sticky-no\" data-id=\"ab9d55f\" data-element_type=\"section\" data-settings=\"{&quot;background_background&quot;:&quot;classic&quot;,&quot;mas_addons_sticky&quot;:&quot;no&quot;}\">\n\t\t\t\t\t\t<div class=\"elementor-container elementor-column-gap-no\">\n\t\t\t\t\t<div class=\"elementor-column elementor-col-100 elementor-top-column elementor-element elementor-element-65a8d11\" data-id=\"65a8d11\" data-element_type=\"column\">\n\t\t\t<div class=\"elementor-widget-wrap elementor-element-populated\">\n\t\t\t\t\t\t<section class=\"elementor-section elementor-inner-section elementor-element elementor-element-50b6f73 elementor-section-boxed elementor-section-height-default elementor-section-height-default mas-addons-sticky-no\" data-id=\"50b6f73\" data-element_type=\"section\" data-settings=\"{&quot;mas_addons_sticky&quot;:&quot;no&quot;}\">\n\t\t\t\t\t\t<div class=\"elementor-container elementor-column-gap-default\">\n\t\t\t\t\t<div class=\"elementor-column elementor-col-100 elementor-inner-column elementor-element elementor-element-18294c5\" data-id=\"18294c5\" data-element_type=\"column\">\n\t\t\t<div class=\"elementor-widget-wrap elementor-element-populated\">\n\t\t\t\t\t\t<div class=\"elementor-element elementor-element-d4a0993 mas-addons-sticky-no elementor-widget elementor-widget-heading\" data-id=\"d4a0993\" data-element_type=\"widget\" data-settings=\"{&quot;mas_addons_sticky&quot;:&quot;no&quot;}\" data-widget_type=\"heading.default\">\n\t\t\t\t<div class=\"elementor-widget-container\">\n\t\t\t<h4 class=\"elementor-heading-title elementor-size-default\">Subscribe Newsletters<\/h4>\t\t<\/div>\n\t\t\t\t<\/div>\n\t\t\t\t<div class=\"elementor-element elementor-element-d757923 mas-addons-sticky-no elementor-widget elementor-widget-heading\" data-id=\"d757923\" data-element_type=\"widget\" data-settings=\"{&quot;mas_addons_sticky&quot;:&quot;no&quot;}\" data-widget_type=\"heading.default\">\n\t\t\t\t<div class=\"elementor-widget-container\">\n\t\t\t<h2 class=\"elementor-heading-title elementor-size-default\">Looking for the best IT business solutions? <\/h2>\t\t<\/div>\n\t\t\t\t<\/div>\n\t\t\t\t<div class=\"elementor-element elementor-element-eb5befd mas-addons-sticky-no elementor-invisible elementor-widget elementor-widget-mas-addons-form\" data-id=\"eb5befd\" data-element_type=\"widget\" data-settings=\"{&quot;_animation&quot;:&quot;fadeInUp&quot;,&quot;mas_addons_sticky&quot;:&quot;no&quot;}\" data-widget_type=\"mas-addons-form.default\">\n\t\t\t\t<div class=\"elementor-widget-container\">\n\t\t\t\n                <div class=\"mas-addons--contactform-wraper  mas-addons-contact-from \">\n            \n<div class=\"wpcf7 no-js\" id=\"wpcf7-f1703-o1\" lang=\"en-US\" dir=\"ltr\">\n<div class=\"screen-reader-response\"><p role=\"status\" aria-live=\"polite\" aria-atomic=\"true\"><\/p> <ul><\/ul><\/div>\n<form action=\"\/index.php\/wp-json\/wp\/v2\/pages\/8193#wpcf7-f1703-o1\" method=\"post\" class=\"wpcf7-form init\" aria-label=\"Contact form\" novalidate=\"novalidate\" data-status=\"init\">\n<div style=\"display: none;\">\n<input type=\"hidden\" name=\"_wpcf7\" value=\"1703\" \/>\n<input type=\"hidden\" name=\"_wpcf7_version\" value=\"5.9.8\" \/>\n<input type=\"hidden\" name=\"_wpcf7_locale\" value=\"en_US\" \/>\n<input type=\"hidden\" name=\"_wpcf7_unit_tag\" value=\"wpcf7-f1703-o1\" \/>\n<input type=\"hidden\" name=\"_wpcf7_container_post\" value=\"0\" \/>\n<input type=\"hidden\" name=\"_wpcf7_posted_data_hash\" value=\"\" \/>\n<input type=\"hidden\" name=\"_wpcf7_recaptcha_response\" value=\"\" \/>\n<\/div>\n<p><span class=\"wpcf7-form-control-wrap\" data-name=\"Your-Email\"><input size=\"40\" maxlength=\"400\" class=\"wpcf7-form-control wpcf7-email wpcf7-validates-as-required wpcf7-text wpcf7-validates-as-email\" aria-required=\"true\" aria-invalid=\"false\" placeholder=\"Enter your email address...\" value=\"\" type=\"email\" name=\"Your-Email\" \/><\/span><br \/>\n<input class=\"wpcf7-form-control wpcf7-submit has-spinner\" type=\"submit\" value=\"Subscribe\" \/>\n<\/p><p style=\"display: none !important;\" class=\"akismet-fields-container\" data-prefix=\"_wpcf7_ak_\"><label>&#916;<textarea name=\"_wpcf7_ak_hp_textarea\" cols=\"45\" rows=\"8\" maxlength=\"100\"><\/textarea><\/label><input type=\"hidden\" id=\"ak_js_1\" name=\"_wpcf7_ak_js\" value=\"138\"\/><script>document.getElementById( \"ak_js_1\" ).setAttribute( \"value\", ( new Date() ).getTime() );<\/script><\/p><div class=\"wpcf7-response-output\" aria-hidden=\"true\"><\/div>\n<\/form>\n<\/div>\n        <\/div>\n        \t\t<\/div>\n\t\t\t\t<\/div>\n\t\t\t\t\t<\/div>\n\t\t<\/div>\n\t\t\t\t\t<\/div>\n\t\t<\/section>\n\t\t\t\t\t<\/div>\n\t\t<\/div>\n\t\t\t\t\t<\/div>\n\t\t<\/section>\n\t\t\t\t<\/div>\n\t\t","protected":false},"excerpt":{"rendered":"<p>Portfolio Home Nasze projekty Setki rozwi\u0105za\u0144 i wdro\u017ce\u0144 Megaurwis.pl Digital Transformation Baby Monsters Web Development Subscribe Newsletters Looking for the best IT business solutions? &#916;<\/p>\n","protected":false},"author":1,"featured_media":0,"parent":0,"menu_order":0,"comment_status":"closed","ping_status":"closed","template":"elementor_header_footer","meta":{"inline_featured_image":false,"footnotes":""},"acf":[],"_links":{"self":[{"href":"https:\/\/www.wanana.pl\/index.php\/wp-json\/wp\/v2\/pages\/8193"}],"collection":[{"href":"https:\/\/www.wanana.pl\/index.php\/wp-json\/wp\/v2\/pages"}],"about":[{"href":"https:\/\/www.wanana.pl\/index.php\/wp-json\/wp\/v2\/types\/page"}],"author":[{"embeddable":true,"href":"https:\/\/www.wanana.pl\/index.php\/wp-json\/wp\/v2\/users\/1"}],"replies":[{"embeddable":true,"href":"https:\/\/www.wanana.pl\/index.php\/wp-json\/wp\/v2\/comments?post=8193"}],"version-history":[{"count":34,"href":"https:\/\/www.wanana.pl\/index.php\/wp-json\/wp\/v2\/pages\/8193\/revisions"}],"predecessor-version":[{"id":13432,"href":"https:\/\/www.wanana.pl\/index.php\/wp-json\/wp\/v2\/pages\/8193\/revisions\/13432"}],"wp:attachment":[{"href":"https:\/\/www.wanana.pl\/index.php\/wp-json\/wp\/v2\/media?parent=8193"}],"curies":[{"name":"wp","href":"https:\/\/api.w.org\/{rel}","templated":true}]}}